{"id":69,"date":"2022-01-16T13:23:11","date_gmt":"2022-01-16T13:23:11","guid":{"rendered":"http:\/\/ozelsoforunuz.com\/?page_id=69"},"modified":"2024-01-02T21:34:16","modified_gmt":"2024-01-02T21:34:16","slug":"hizmetlerimiz","status":"publish","type":"page","link":"http:\/\/ozelsoforunuz.com\/?page_id=69","title":{"rendered":"Hizmetlerimiz"},"content":{"rendered":"\n<p>*\u00d6zel \u015fof\u00f6rl\u00fc ara\u00e7 tahsis, transfer ve \u015fof\u00f6rl\u00fck hizmetleri<\/p>\n\n\n\n<p>*\u00c7ocuklar\u0131n\u0131z i\u00e7in \u00f6zel ilgi istedi\u011finizde,<\/p>\n\n\n\n<p>*B\u00fcy\u00fcklere \u00f6zel ilgi gerekti\u011finde,<\/p>\n\n\n\n<p>*Siz yeti\u015femedi\u011finizde,<\/p>\n\n\n\n<p>*Misafirlerinizi a\u011f\u0131rlarken,<\/p>\n\n\n\n<p>*\u015eehirler aras\u0131 yolculuklarda,<\/p>\n\n\n\n<p>*Ara\u00e7 kullanmak istemedi\u011finizde,<\/p>\n\n\n\n<p>*Kuryeye ihtiyac\u0131n\u0131z oldu\u011funda,<\/p>\n\n\n\n<p>*\u00d6zel hissetmek ve hissettirmek istedi\u011finizde&#8230;<\/p>\n","protected":false},"excerpt":{"rendered":"<p>*\u00d6zel \u015fof\u00f6rl\u00fc ara\u00e7 tahsis, transfer ve \u015fof\u00f6rl\u00fck hizmetleri *\u00c7ocuklar\u0131n\u0131z i\u00e7in \u00f6zel ilgi istedi\u011finizde, *B\u00fcy\u00fcklere \u00f6zel ilgi gerekti\u011finde, *Siz yeti\u015femedi\u011finizde, *Misafirlerinizi a\u011f\u0131rlarken, *\u015eehirler aras\u0131 yolculuklarda, *Ara\u00e7 kullanmak istemedi\u011finizde, *Kuryeye ihtiyac\u0131n\u0131z oldu\u011funda, *\u00d6zel hissetmek ve hissettirmek istedi\u011finizde&#8230;<\/p>\n","protected":false},"author":1,"featured_media":0,"parent":0,"menu_order":0,"comment_status":"closed","ping_status":"closed","template":"","meta":{"footnotes":""},"_links":{"self":[{"href":"http:\/\/ozelsoforunuz.com\/index.php?rest_route=\/wp\/v2\/pages\/69"}],"collection":[{"href":"http:\/\/ozelsoforunuz.com\/index.php?rest_route=\/wp\/v2\/pages"}],"about":[{"href":"http:\/\/ozelsoforunuz.com\/index.php?rest_route=\/wp\/v2\/types\/page"}],"author":[{"embeddable":true,"href":"http:\/\/ozelsoforunuz.com\/index.php?rest_route=\/wp\/v2\/users\/1"}],"replies":[{"embeddable":true,"href":"http:\/\/ozelsoforunuz.com\/index.php?rest_route=%2Fwp%2Fv2%2Fcomments&post=69"}],"version-history":[{"count":7,"href":"http:\/\/ozelsoforunuz.com\/index.php?rest_route=\/wp\/v2\/pages\/69\/revisions"}],"predecessor-version":[{"id":107,"href":"http:\/\/ozelsoforunuz.com\/index.php?rest_route=\/wp\/v2\/pages\/69\/revisions\/107"}],"wp:attachment":[{"href":"http:\/\/ozelsoforunuz.com\/index.php?rest_route=%2Fwp%2Fv2%2Fmedia&parent=69"}],"curies":[{"name":"wp","href":"https:\/\/api.w.org\/{rel}","templated":true}]}}