{"id":71,"date":"2022-01-16T13:23:11","date_gmt":"2022-01-16T13:23:11","guid":{"rendered":"http:\/\/ozelsoforunuz.com\/?page_id=71"},"modified":"2022-01-16T13:47:29","modified_gmt":"2022-01-16T13:47:29","slug":"ana-sayfa","status":"publish","type":"page","link":"http:\/\/ozelsoforunuz.com\/","title":{"rendered":"\u00d6zel \u015eof\u00f6r\u00fcn\u00fcz"},"content":{"rendered":"\n<p class=\"has-text-align-center\"><span class=\"has-inline-color has-very-dark-gray-color\"><em>\u00d6zel hissetmek istedi\u011finizde, emrinizde&#8230;<\/em><\/span><\/p>\n","protected":false},"excerpt":{"rendered":"<p>\u00d6zel hissetmek istedi\u011finizde, emrinizde&#8230;<\/p>\n","protected":false},"author":1,"featured_media":0,"parent":0,"menu_order":0,"comment_status":"closed","ping_status":"closed","template":"","meta":{"footnotes":""},"_links":{"self":[{"href":"http:\/\/ozelsoforunuz.com\/index.php?rest_route=\/wp\/v2\/pages\/71"}],"collection":[{"href":"http:\/\/ozelsoforunuz.com\/index.php?rest_route=\/wp\/v2\/pages"}],"about":[{"href":"http:\/\/ozelsoforunuz.com\/index.php?rest_route=\/wp\/v2\/types\/page"}],"author":[{"embeddable":true,"href":"http:\/\/ozelsoforunuz.com\/index.php?rest_route=\/wp\/v2\/users\/1"}],"replies":[{"embeddable":true,"href":"http:\/\/ozelsoforunuz.com\/index.php?rest_route=%2Fwp%2Fv2%2Fcomments&post=71"}],"version-history":[{"count":6,"href":"http:\/\/ozelsoforunuz.com\/index.php?rest_route=\/wp\/v2\/pages\/71\/revisions"}],"predecessor-version":[{"id":98,"href":"http:\/\/ozelsoforunuz.com\/index.php?rest_route=\/wp\/v2\/pages\/71\/revisions\/98"}],"wp:attachment":[{"href":"http:\/\/ozelsoforunuz.com\/index.php?rest_route=%2Fwp%2Fv2%2Fmedia&parent=71"}],"curies":[{"name":"wp","href":"https:\/\/api.w.org\/{rel}","templated":true}]}}